{"id":2,"date":"2024-10-07T09:52:13","date_gmt":"2024-10-07T09:52:13","guid":{"rendered":"https:\/\/panaderiaindira.rkinformatika.online\/?page_id=2"},"modified":"2024-12-17T08:07:21","modified_gmt":"2024-12-17T08:07:21","slug":"inicio","status":"publish","type":"page","link":"https:\/\/pangordexola.com\/eu\/","title":{"rendered":"Hasiera"},"content":{"rendered":"\t\t<div data-elementor-type=\"wp-page\" data-elementor-id=\"2\" class=\"elementor elementor-2\" data-elementor-post-type=\"page\">\n\t\t\t\t<div class=\"elementor-element elementor-element-813bc59 e-flex e-con-boxed e-con e-parent\" data-id=\"813bc59\" data-element_type=\"container\" data-e-type=\"container\" data-settings=\"{&quot;background_background&quot;:&quot;slideshow&quot;,&quot;background_slideshow_gallery&quot;:[{&quot;id&quot;:1180,&quot;url&quot;:&quot;https:\\\/\\\/pangordexola.com\\\/wp-content\\\/uploads\\\/2024\\\/10\\\/2150379532.jpg&quot;},{&quot;id&quot;:1181,&quot;url&quot;:&quot;https:\\\/\\\/pangordexola.com\\\/wp-content\\\/uploads\\\/2024\\\/10\\\/2150273230.jpg&quot;},{&quot;id&quot;:1182,&quot;url&quot;:&quot;https:\\\/\\\/pangordexola.com\\\/wp-content\\\/uploads\\\/2024\\\/10\\\/2150273254.jpg&quot;}],&quot;background_slideshow_lazyload&quot;:&quot;yes&quot;,&quot;background_slideshow_ken_burns&quot;:&quot;yes&quot;,&quot;background_slideshow_loop&quot;:&quot;yes&quot;,&quot;background_slideshow_slide_duration&quot;:5000,&quot;background_slideshow_slide_transition&quot;:&quot;fade&quot;,&quot;background_slideshow_transition_duration&quot;:500,&quot;background_slideshow_ken_burns_zoom_direction&quot;:&quot;in&quot;}\">\n\t\t\t\t\t<div class=\"e-con-inner\">\n\t\t<div class=\"elementor-element elementor-element-0f6a986 e-con-full e-flex e-con e-child\" data-id=\"0f6a986\" data-element_type=\"container\" data-e-type=\"container\">\n\t\t\t\t<div class=\"elementor-element elementor-element-2f721fc elementor-widget elementor-widget-heading\" data-id=\"2f721fc\" data-element_type=\"widget\" data-e-type=\"widget\" data-widget_type=\"heading.default\">\n\t\t\t\t<div class=\"elementor-widget-container\">\n\t\t\t\t\t<h2 class=\"elementor-heading-title elementor-size-default\">Bienvenidos A<\/h2>\t\t\t\t<\/div>\n\t\t\t\t<\/div>\n\t\t\t\t<div class=\"elementor-element elementor-element-15ba485 elementor-widget elementor-widget-heading\" data-id=\"15ba485\" data-element_type=\"widget\" data-e-type=\"widget\" data-widget_type=\"heading.default\">\n\t\t\t\t<div class=\"elementor-widget-container\">\n\t\t\t\t\t<h2 class=\"elementor-heading-title elementor-size-default\">Pan Gordexola<\/h2>\t\t\t\t<\/div>\n\t\t\t\t<\/div>\n\t\t\t\t<div class=\"elementor-element elementor-element-6b3aa5c elementor-widget elementor-widget-heading\" data-id=\"6b3aa5c\" data-element_type=\"widget\" data-e-type=\"widget\" data-widget_type=\"heading.default\">\n\t\t\t\t<div class=\"elementor-widget-container\">\n\t\t\t\t\t<h2 class=\"elementor-heading-title elementor-size-default\">Pan de primera calidad, bollos irresistibles, choripanes sabrosos y un servicio de reparto que lleva la frescura hasta tu puerta.<\/h2>\t\t\t\t<\/div>\n\t\t\t\t<\/div>\n\t\t\t\t<\/div>\n\t\t<div class=\"elementor-element elementor-element-7367772 e-con-full e-flex e-con e-child\" data-id=\"7367772\" data-element_type=\"container\" data-e-type=\"container\">\n\t\t\t\t<\/div>\n\t\t\t\t\t<\/div>\n\t\t\t\t<\/div>\n\t\t\t\t<section class=\"elementor-section elementor-top-section elementor-element elementor-element-633d8255 elementor-section-boxed elementor-section-height-default elementor-section-height-default\" data-id=\"633d8255\" data-element_type=\"section\" data-e-type=\"section\" id=\"about\">\n\t\t\t\t\t\t<div class=\"elementor-container elementor-column-gap-default\">\n\t\t\t\t\t<div class=\"elementor-column elementor-col-100 elementor-top-column elementor-element elementor-element-25be224e\" data-id=\"25be224e\" data-element_type=\"column\" data-e-type=\"column\">\n\t\t\t<div class=\"elementor-widget-wrap elementor-element-populated\">\n\t\t\t\t\t\t<section class=\"elementor-section elementor-inner-section elementor-element elementor-element-1aed9185 elementor-section-boxed elementor-section-height-default elementor-section-height-default\" data-id=\"1aed9185\" data-element_type=\"section\" data-e-type=\"section\">\n\t\t\t\t\t\t<div class=\"elementor-container elementor-column-gap-no\">\n\t\t\t\t\t<div class=\"elementor-column elementor-col-50 elementor-inner-column elementor-element elementor-element-bfa4c35\" data-id=\"bfa4c35\" data-element_type=\"column\" data-e-type=\"column\">\n\t\t\t<div class=\"elementor-widget-wrap elementor-element-populated\">\n\t\t\t\t\t\t<div class=\"elementor-element elementor-element-5ae9d93b elementor-widget elementor-widget-heading\" data-id=\"5ae9d93b\" data-element_type=\"widget\" data-e-type=\"widget\" data-widget_type=\"heading.default\">\n\t\t\t\t<div class=\"elementor-widget-container\">\n\t\t\t\t\t<h2 class=\"elementor-heading-title elementor-size-default\">Sobre Nosotros <\/h2>\t\t\t\t<\/div>\n\t\t\t\t<\/div>\n\t\t\t\t<div class=\"elementor-element elementor-element-f19b30a elementor-widget elementor-widget-heading\" data-id=\"f19b30a\" data-element_type=\"widget\" data-e-type=\"widget\" data-widget_type=\"heading.default\">\n\t\t\t\t<div class=\"elementor-widget-container\">\n\t\t\t\t\t<h2 class=\"elementor-heading-title elementor-size-default\">M\u00e1s Cerca de Ti<\/h2>\t\t\t\t<\/div>\n\t\t\t\t<\/div>\n\t\t\t\t<div class=\"elementor-element elementor-element-88048d6 elementor-widget elementor-widget-button\" data-id=\"88048d6\" data-element_type=\"widget\" data-e-type=\"widget\" data-widget_type=\"button.default\">\n\t\t\t\t<div class=\"elementor-widget-container\">\n\t\t\t\t\t\t\t\t\t<div class=\"elementor-button-wrapper\">\n\t\t\t\t\t<a class=\"elementor-button elementor-button-link elementor-size-sm elementor-animation-hang\" href=\"https:\/\/pangordexola.com\/productos\/\">\n\t\t\t\t\t\t<span class=\"elementor-button-content-wrapper\">\n\t\t\t\t\t\t\t\t\t<span class=\"elementor-button-text\">Saber M\u00e1s<\/span>\n\t\t\t\t\t<\/span>\n\t\t\t\t\t<\/a>\n\t\t\t\t<\/div>\n\t\t\t\t\t\t\t\t<\/div>\n\t\t\t\t<\/div>\n\t\t\t\t\t<\/div>\n\t\t<\/div>\n\t\t\t\t<div class=\"elementor-column elementor-col-50 elementor-inner-column elementor-element elementor-element-7650e582\" data-id=\"7650e582\" data-element_type=\"column\" data-e-type=\"column\">\n\t\t\t<div class=\"elementor-widget-wrap elementor-element-populated\">\n\t\t\t\t\t\t<div class=\"elementor-element elementor-element-7e865283 elementor-widget elementor-widget-text-editor\" data-id=\"7e865283\" data-element_type=\"widget\" data-e-type=\"widget\" data-widget_type=\"text-editor.default\">\n\t\t\t\t<div class=\"elementor-widget-container\">\n\t\t\t\t\t\t\t\t\t<div class=\"flex max-w-full flex-col flex-grow\"><div class=\"min-h-8 text-message flex w-full flex-col items-end gap-2 whitespace-normal break-words [.text-message+&amp;]:mt-5\" dir=\"auto\" data-message-author-role=\"assistant\" data-message-id=\"def7cac0-2707-4442-b93b-c94e77fa0a36\" data-message-model-slug=\"gpt-4o\"><div class=\"flex w-full flex-col gap-1 empty:hidden first:pt-[3px]\"><div class=\"markdown prose w-full break-words dark:prose-invert dark\"><p>En el coraz\u00f3n de Zubiete, nace Pan Gordexola, una panader\u00eda con historia y dedicaci\u00f3n, comprometida con llevar a cada hogar productos frescos y de primera calidad. Desde nuestros inicios, hemos sido un punto de referencia en la comunidad, ofreciendo no solo pan artesanal elaborado con esmero, sino tambi\u00e9n una selecci\u00f3n de productos que satisfacen los gustos de todos nuestros clientes.<\/p><\/div><p>Conscientes de la importancia de la comodidad, ofrecemos un servicio de reparto para que puedas disfrutar de nuestros productos sin salir de casa. Nos aseguramos de que cada pedido llegue fresco y en perfecto estado, directamente a tu puerta.<\/p><p>Pan Gordexola es m\u00e1s que una panader\u00eda; es un lugar donde la calidad, el sabor y el servicio se unen para crear una experiencia \u00fanica. Te invitamos a visitarnos en Zubiete y ser parte de nuestra historia de amor por el buen pan. \u00a1Gracias por confiar en nosotros!<\/p><\/div><\/div><\/div>\t\t\t\t\t\t\t\t<\/div>\n\t\t\t\t<\/div>\n\t\t\t\t\t<\/div>\n\t\t<\/div>\n\t\t\t\t\t<\/div>\n\t\t<\/section>\n\t\t\t\t<section class=\"elementor-section elementor-inner-section elementor-element elementor-element-1ec0cf2d elementor-section-boxed elementor-section-height-default elementor-section-height-default\" data-id=\"1ec0cf2d\" data-element_type=\"section\" data-e-type=\"section\">\n\t\t\t\t\t\t<div class=\"elementor-container elementor-column-gap-no\">\n\t\t\t\t\t<div class=\"elementor-column elementor-col-50 elementor-inner-column elementor-element elementor-element-31257031\" data-id=\"31257031\" data-element_type=\"column\" data-e-type=\"column\">\n\t\t\t<div class=\"elementor-widget-wrap elementor-element-populated\">\n\t\t\t\t\t\t<div class=\"elementor-element elementor-element-2ad79da0 elementor-widget__width-initial elementor-widget elementor-widget-image\" data-id=\"2ad79da0\" data-element_type=\"widget\" data-e-type=\"widget\" data-widget_type=\"image.default\">\n\t\t\t\t<div class=\"elementor-widget-container\">\n\t\t\t\t\t\t\t\t\t\t\t\t\t\t\t<img fetchpriority=\"high\" decoding=\"async\" width=\"994\" height=\"1500\" src=\"https:\/\/pangordexola.com\/wp-content\/uploads\/2024\/12\/189.jpg\" class=\"attachment-full size-full wp-image-1189\" alt=\"\" srcset=\"https:\/\/pangordexola.com\/wp-content\/uploads\/2024\/12\/189.jpg 994w, https:\/\/pangordexola.com\/wp-content\/uploads\/2024\/12\/189-199x300.jpg 199w, https:\/\/pangordexola.com\/wp-content\/uploads\/2024\/12\/189-679x1024.jpg 679w, https:\/\/pangordexola.com\/wp-content\/uploads\/2024\/12\/189-768x1159.jpg 768w, https:\/\/pangordexola.com\/wp-content\/uploads\/2024\/12\/189-8x12.jpg 8w\" sizes=\"(max-width: 994px) 100vw, 994px\" \/>\t\t\t\t\t\t\t\t\t\t\t\t\t\t\t<\/div>\n\t\t\t\t<\/div>\n\t\t\t\t<div class=\"elementor-element elementor-element-7f3b7db5 elementor-widget__width-initial elementor-widget elementor-widget-image\" data-id=\"7f3b7db5\" data-element_type=\"widget\" data-e-type=\"widget\" data-widget_type=\"image.default\">\n\t\t\t\t<div class=\"elementor-widget-container\">\n\t\t\t\t\t\t\t\t\t\t\t\t\t\t\t<img decoding=\"async\" src=\"https:\/\/pangordexola.com\/wp-content\/uploads\/elementor\/thumbs\/2148719048-qy2jcbb8gfnpbxtgfwgbh6piqvdba07r49jvcedpn4.jpg\" title=\"2148719048\" alt=\"2148719048\" loading=\"lazy\" \/>\t\t\t\t\t\t\t\t\t\t\t\t\t\t\t<\/div>\n\t\t\t\t<\/div>\n\t\t\t\t\t<\/div>\n\t\t<\/div>\n\t\t\t\t<div class=\"elementor-column elementor-col-50 elementor-inner-column elementor-element elementor-element-6ff0324c\" data-id=\"6ff0324c\" data-element_type=\"column\" data-e-type=\"column\">\n\t\t\t<div class=\"elementor-widget-wrap elementor-element-populated\">\n\t\t\t\t\t\t<div class=\"elementor-element elementor-element-35b0bef4 elementor-widget elementor-widget-image\" data-id=\"35b0bef4\" data-element_type=\"widget\" data-e-type=\"widget\" data-widget_type=\"image.default\">\n\t\t\t\t<div class=\"elementor-widget-container\">\n\t\t\t\t\t\t\t\t\t\t\t\t\t\t\t<img decoding=\"async\" width=\"1500\" height=\"1000\" src=\"https:\/\/pangordexola.com\/wp-content\/uploads\/2024\/12\/2149209215.jpg\" class=\"attachment-full size-full wp-image-1191\" alt=\"\" srcset=\"https:\/\/pangordexola.com\/wp-content\/uploads\/2024\/12\/2149209215.jpg 1500w, https:\/\/pangordexola.com\/wp-content\/uploads\/2024\/12\/2149209215-300x200.jpg 300w, https:\/\/pangordexola.com\/wp-content\/uploads\/2024\/12\/2149209215-1024x683.jpg 1024w, https:\/\/pangordexola.com\/wp-content\/uploads\/2024\/12\/2149209215-768x512.jpg 768w, https:\/\/pangordexola.com\/wp-content\/uploads\/2024\/12\/2149209215-18x12.jpg 18w\" sizes=\"(max-width: 1500px) 100vw, 1500px\" \/>\t\t\t\t\t\t\t\t\t\t\t\t\t\t\t<\/div>\n\t\t\t\t<\/div>\n\t\t\t\t\t<\/div>\n\t\t<\/div>\n\t\t\t\t\t<\/div>\n\t\t<\/section>\n\t\t\t\t\t<\/div>\n\t\t<\/div>\n\t\t\t\t\t<\/div>\n\t\t<\/section>\n\t\t\t\t<section class=\"elementor-section elementor-top-section elementor-element elementor-element-6e0be517 elementor-section-boxed elementor-section-height-default elementor-section-height-default\" data-id=\"6e0be517\" data-element_type=\"section\" data-e-type=\"section\" data-settings=\"{&quot;background_background&quot;:&quot;classic&quot;}\">\n\t\t\t\t\t\t\t<div class=\"elementor-background-overlay\"><\/div>\n\t\t\t\t\t\t\t<div class=\"elementor-container elementor-column-gap-default\">\n\t\t\t\t\t<div class=\"elementor-column elementor-col-100 elementor-top-column elementor-element elementor-element-73a3e3f7\" data-id=\"73a3e3f7\" data-element_type=\"column\" data-e-type=\"column\">\n\t\t\t<div class=\"elementor-widget-wrap elementor-element-populated\">\n\t\t\t\t\t\t<div class=\"elementor-element elementor-element-ccba853 elementor-widget elementor-widget-heading\" data-id=\"ccba853\" data-element_type=\"widget\" data-e-type=\"widget\" data-widget_type=\"heading.default\">\n\t\t\t\t<div class=\"elementor-widget-container\">\n\t\t\t\t\t<h2 class=\"elementor-heading-title elementor-size-default\">Tu panader\u00eda de confianza<\/h2>\t\t\t\t<\/div>\n\t\t\t\t<\/div>\n\t\t\t\t<div class=\"elementor-element elementor-element-d43ca26 elementor-widget elementor-widget-text-editor\" data-id=\"d43ca26\" data-element_type=\"widget\" data-e-type=\"widget\" data-widget_type=\"text-editor.default\">\n\t\t\t\t<div class=\"elementor-widget-container\">\n\t\t\t\t\t\t\t\t\t<p><strong>Ven a visitarnos en Zubiete y d\u00e9jate conquistar por el aroma y el sabor de nuestros productos. \u00a1Te esperamos para compartir contigo lo mejor del pan artesanal!<\/strong><\/p>\t\t\t\t\t\t\t\t<\/div>\n\t\t\t\t<\/div>\n\t\t\t\t<div class=\"elementor-element elementor-element-a8d28e2 elementor-align-center elementor-widget elementor-widget-button\" data-id=\"a8d28e2\" data-element_type=\"widget\" data-e-type=\"widget\" data-widget_type=\"button.default\">\n\t\t\t\t<div class=\"elementor-widget-container\">\n\t\t\t\t\t\t\t\t\t<div class=\"elementor-button-wrapper\">\n\t\t\t\t\t<a class=\"elementor-button elementor-button-link elementor-size-sm elementor-animation-hang\" href=\"https:\/\/pangordexola.com\/contacto\/\">\n\t\t\t\t\t\t<span class=\"elementor-button-content-wrapper\">\n\t\t\t\t\t\t\t\t\t<span class=\"elementor-button-text\">Cont\u00e1ctanos<\/span>\n\t\t\t\t\t<\/span>\n\t\t\t\t\t<\/a>\n\t\t\t\t<\/div>\n\t\t\t\t\t\t\t\t<\/div>\n\t\t\t\t<\/div>\n\t\t\t\t\t<\/div>\n\t\t<\/div>\n\t\t\t\t\t<\/div>\n\t\t<\/section>\n\t\t\t\t<\/div>\n\t\t","protected":false},"excerpt":{"rendered":"<p>Bienvenidos A Pan Gordexola Pan de primera calidad, bollos irresistibles, choripanes sabrosos y un servicio de reparto que lleva la frescura hasta tu puerta. Sobre Nosotros M\u00e1s Cerca de Ti Saber M\u00e1s En el coraz\u00f3n de Zubiete, nace Pan Gordexola, una panader\u00eda con historia y dedicaci\u00f3n, comprometida con llevar a cada hogar productos frescos y [&hellip;]<\/p>\n","protected":false},"author":2,"featured_media":0,"parent":0,"menu_order":0,"comment_status":"closed","ping_status":"closed","template":"elementor_canvas","meta":{"footnotes":""},"class_list":["post-2","page","type-page","status-publish","hentry"],"yoast_head":"<!-- This site is optimized with the Yoast SEO plugin v27.3 - https:\/\/yoast.com\/product\/yoast-seo-wordpress\/ -->\n<title>Inicio - Pan Gordexola<\/title>\n<meta name=\"robots\" content=\"index, follow, max-snippet:-1, max-image-preview:large, max-video-preview:-1\" \/>\n<link rel=\"canonical\" href=\"https:\/\/pangordexola.com\/eu\/\" \/>\n<meta property=\"og:locale\" content=\"en_US\" \/>\n<meta property=\"og:type\" content=\"article\" \/>\n<meta property=\"og:title\" content=\"Inicio - Pan Gordexola\" \/>\n<meta property=\"og:description\" content=\"Bienvenidos A Pan Gordexola Pan de primera calidad, bollos irresistibles, choripanes sabrosos y un servicio de reparto que lleva la frescura hasta tu puerta. Sobre Nosotros M\u00e1s Cerca de Ti Saber M\u00e1s En el coraz\u00f3n de Zubiete, nace Pan Gordexola, una panader\u00eda con historia y dedicaci\u00f3n, comprometida con llevar a cada hogar productos frescos y [&hellip;]\" \/>\n<meta property=\"og:url\" content=\"https:\/\/pangordexola.com\/eu\/\" \/>\n<meta property=\"og:site_name\" content=\"Pan Gordexola\" \/>\n<meta property=\"article:modified_time\" content=\"2024-12-17T08:07:21+00:00\" \/>\n<meta property=\"og:image\" content=\"https:\/\/pangordexola.com\/wp-content\/uploads\/2024\/12\/189.jpg\" \/>\n\t<meta property=\"og:image:width\" content=\"994\" \/>\n\t<meta property=\"og:image:height\" content=\"1500\" \/>\n\t<meta property=\"og:image:type\" content=\"image\/jpeg\" \/>\n<meta name=\"twitter:card\" content=\"summary_large_image\" \/>\n<meta name=\"twitter:label1\" content=\"Est. reading time\" \/>\n\t<meta name=\"twitter:data1\" content=\"2 minutua\" \/>\n<script type=\"application\/ld+json\" class=\"yoast-schema-graph\">{\"@context\":\"https:\\\/\\\/schema.org\",\"@graph\":[{\"@type\":\"WebPage\",\"@id\":\"https:\\\/\\\/pangordexola.com\\\/\",\"url\":\"https:\\\/\\\/pangordexola.com\\\/\",\"name\":\"Inicio - Pan Gordexola\",\"isPartOf\":{\"@id\":\"https:\\\/\\\/pangordexola.com\\\/#website\"},\"primaryImageOfPage\":{\"@id\":\"https:\\\/\\\/pangordexola.com\\\/#primaryimage\"},\"image\":{\"@id\":\"https:\\\/\\\/pangordexola.com\\\/#primaryimage\"},\"thumbnailUrl\":\"https:\\\/\\\/pangordexola.com\\\/wp-content\\\/uploads\\\/2024\\\/12\\\/189.jpg\",\"datePublished\":\"2024-10-07T09:52:13+00:00\",\"dateModified\":\"2024-12-17T08:07:21+00:00\",\"breadcrumb\":{\"@id\":\"https:\\\/\\\/pangordexola.com\\\/#breadcrumb\"},\"inLanguage\":\"eu\",\"potentialAction\":[{\"@type\":\"ReadAction\",\"target\":[\"https:\\\/\\\/pangordexola.com\\\/\"]}]},{\"@type\":\"ImageObject\",\"inLanguage\":\"eu\",\"@id\":\"https:\\\/\\\/pangordexola.com\\\/#primaryimage\",\"url\":\"https:\\\/\\\/pangordexola.com\\\/wp-content\\\/uploads\\\/2024\\\/12\\\/189.jpg\",\"contentUrl\":\"https:\\\/\\\/pangordexola.com\\\/wp-content\\\/uploads\\\/2024\\\/12\\\/189.jpg\"},{\"@type\":\"BreadcrumbList\",\"@id\":\"https:\\\/\\\/pangordexola.com\\\/#breadcrumb\",\"itemListElement\":[{\"@type\":\"ListItem\",\"position\":1,\"name\":\"Portada\",\"item\":\"https:\\\/\\\/pangordexola.com\\\/\"},{\"@type\":\"ListItem\",\"position\":2,\"name\":\"Inicio\"}]},{\"@type\":\"WebSite\",\"@id\":\"https:\\\/\\\/pangordexola.com\\\/#website\",\"url\":\"https:\\\/\\\/pangordexola.com\\\/\",\"name\":\"Pan Gordexola\",\"description\":\"INDUSTRIA DEL PAN Y DE LA BOLLER\u00cdA\",\"publisher\":{\"@id\":\"https:\\\/\\\/pangordexola.com\\\/#organization\"},\"potentialAction\":[{\"@type\":\"SearchAction\",\"target\":{\"@type\":\"EntryPoint\",\"urlTemplate\":\"https:\\\/\\\/pangordexola.com\\\/?s={search_term_string}\"},\"query-input\":{\"@type\":\"PropertyValueSpecification\",\"valueRequired\":true,\"valueName\":\"search_term_string\"}}],\"inLanguage\":\"eu\"},{\"@type\":\"Organization\",\"@id\":\"https:\\\/\\\/pangordexola.com\\\/#organization\",\"name\":\"Pan Gordexola\",\"url\":\"https:\\\/\\\/pangordexola.com\\\/\",\"logo\":{\"@type\":\"ImageObject\",\"inLanguage\":\"eu\",\"@id\":\"https:\\\/\\\/pangordexola.com\\\/#\\\/schema\\\/logo\\\/image\\\/\",\"url\":\"https:\\\/\\\/pangordexola.com\\\/wp-content\\\/uploads\\\/2024\\\/12\\\/cropped-Design-sem-nome-1.png\",\"contentUrl\":\"https:\\\/\\\/pangordexola.com\\\/wp-content\\\/uploads\\\/2024\\\/12\\\/cropped-Design-sem-nome-1.png\",\"width\":500,\"height\":430,\"caption\":\"Pan Gordexola\"},\"image\":{\"@id\":\"https:\\\/\\\/pangordexola.com\\\/#\\\/schema\\\/logo\\\/image\\\/\"}}]}<\/script>\n<!-- \/ Yoast SEO plugin. -->","yoast_head_json":{"title":"Inicio - Pan Gordexola","robots":{"index":"index","follow":"follow","max-snippet":"max-snippet:-1","max-image-preview":"max-image-preview:large","max-video-preview":"max-video-preview:-1"},"canonical":"https:\/\/pangordexola.com\/eu\/","og_locale":"en_US","og_type":"article","og_title":"Inicio - Pan Gordexola","og_description":"Bienvenidos A Pan Gordexola Pan de primera calidad, bollos irresistibles, choripanes sabrosos y un servicio de reparto que lleva la frescura hasta tu puerta. Sobre Nosotros M\u00e1s Cerca de Ti Saber M\u00e1s En el coraz\u00f3n de Zubiete, nace Pan Gordexola, una panader\u00eda con historia y dedicaci\u00f3n, comprometida con llevar a cada hogar productos frescos y [&hellip;]","og_url":"https:\/\/pangordexola.com\/eu\/","og_site_name":"Pan Gordexola","article_modified_time":"2024-12-17T08:07:21+00:00","og_image":[{"width":994,"height":1500,"url":"https:\/\/pangordexola.com\/wp-content\/uploads\/2024\/12\/189.jpg","type":"image\/jpeg"}],"twitter_card":"summary_large_image","twitter_misc":{"Est. reading time":"2 minutua"},"schema":{"@context":"https:\/\/schema.org","@graph":[{"@type":"WebPage","@id":"https:\/\/pangordexola.com\/","url":"https:\/\/pangordexola.com\/","name":"Inicio - Pan Gordexola","isPartOf":{"@id":"https:\/\/pangordexola.com\/#website"},"primaryImageOfPage":{"@id":"https:\/\/pangordexola.com\/#primaryimage"},"image":{"@id":"https:\/\/pangordexola.com\/#primaryimage"},"thumbnailUrl":"https:\/\/pangordexola.com\/wp-content\/uploads\/2024\/12\/189.jpg","datePublished":"2024-10-07T09:52:13+00:00","dateModified":"2024-12-17T08:07:21+00:00","breadcrumb":{"@id":"https:\/\/pangordexola.com\/#breadcrumb"},"inLanguage":"eu","potentialAction":[{"@type":"ReadAction","target":["https:\/\/pangordexola.com\/"]}]},{"@type":"ImageObject","inLanguage":"eu","@id":"https:\/\/pangordexola.com\/#primaryimage","url":"https:\/\/pangordexola.com\/wp-content\/uploads\/2024\/12\/189.jpg","contentUrl":"https:\/\/pangordexola.com\/wp-content\/uploads\/2024\/12\/189.jpg"},{"@type":"BreadcrumbList","@id":"https:\/\/pangordexola.com\/#breadcrumb","itemListElement":[{"@type":"ListItem","position":1,"name":"Portada","item":"https:\/\/pangordexola.com\/"},{"@type":"ListItem","position":2,"name":"Inicio"}]},{"@type":"WebSite","@id":"https:\/\/pangordexola.com\/#website","url":"https:\/\/pangordexola.com\/","name":"GORDEXOLA OGIra","description":"INDUSTRIA DEL PAN Y DE LA BOLLER\u00cdA","publisher":{"@id":"https:\/\/pangordexola.com\/#organization"},"potentialAction":[{"@type":"SearchAction","target":{"@type":"EntryPoint","urlTemplate":"https:\/\/pangordexola.com\/?s={search_term_string}"},"query-input":{"@type":"PropertyValueSpecification","valueRequired":true,"valueName":"search_term_string"}}],"inLanguage":"eu"},{"@type":"Organization","@id":"https:\/\/pangordexola.com\/#organization","name":"GORDEXOLA OGIra","url":"https:\/\/pangordexola.com\/","logo":{"@type":"ImageObject","inLanguage":"eu","@id":"https:\/\/pangordexola.com\/#\/schema\/logo\/image\/","url":"https:\/\/pangordexola.com\/wp-content\/uploads\/2024\/12\/cropped-Design-sem-nome-1.png","contentUrl":"https:\/\/pangordexola.com\/wp-content\/uploads\/2024\/12\/cropped-Design-sem-nome-1.png","width":500,"height":430,"caption":"Pan Gordexola"},"image":{"@id":"https:\/\/pangordexola.com\/#\/schema\/logo\/image\/"}}]}},"_links":{"self":[{"href":"https:\/\/pangordexola.com\/eu\/wp-json\/wp\/v2\/pages\/2","targetHints":{"allow":["GET"]}}],"collection":[{"href":"https:\/\/pangordexola.com\/eu\/wp-json\/wp\/v2\/pages"}],"about":[{"href":"https:\/\/pangordexola.com\/eu\/wp-json\/wp\/v2\/types\/page"}],"author":[{"embeddable":true,"href":"https:\/\/pangordexola.com\/eu\/wp-json\/wp\/v2\/users\/2"}],"replies":[{"embeddable":true,"href":"https:\/\/pangordexola.com\/eu\/wp-json\/wp\/v2\/comments?post=2"}],"version-history":[{"count":400,"href":"https:\/\/pangordexola.com\/eu\/wp-json\/wp\/v2\/pages\/2\/revisions"}],"predecessor-version":[{"id":1310,"href":"https:\/\/pangordexola.com\/eu\/wp-json\/wp\/v2\/pages\/2\/revisions\/1310"}],"wp:attachment":[{"href":"https:\/\/pangordexola.com\/eu\/wp-json\/wp\/v2\/media?parent=2"}],"curies":[{"name":"wp","href":"https:\/\/api.w.org\/{rel}","templated":true}]}}