{"id":13,"date":"2024-10-07T10:12:24","date_gmt":"2024-10-07T10:12:24","guid":{"rendered":"https:\/\/panaderiaindira.rkinformatika.online\/?page_id=13"},"modified":"2024-12-09T09:44:21","modified_gmt":"2024-12-09T09:44:21","slug":"productos","status":"publish","type":"page","link":"https:\/\/pangordexola.com\/eu\/productos\/","title":{"rendered":"Produktuak"},"content":{"rendered":"<div data-elementor-type=\"wp-page\" data-elementor-id=\"13\" class=\"elementor elementor-13\" data-elementor-post-type=\"page\">\n\t\t\t\t\t\t<section class=\"elementor-section elementor-top-section elementor-element elementor-element-6137c465 elementor-section-boxed elementor-section-height-default elementor-section-height-default\" data-id=\"6137c465\" data-element_type=\"section\" data-e-type=\"section\" data-settings=\"{&quot;background_background&quot;:&quot;classic&quot;}\">\n\t\t\t\t\t\t\t<div class=\"elementor-background-overlay\"><\/div>\n\t\t\t\t\t\t\t<div class=\"elementor-container elementor-column-gap-default\">\n\t\t\t\t\t<div class=\"elementor-column elementor-col-100 elementor-top-column elementor-element elementor-element-59b9717\" data-id=\"59b9717\" data-element_type=\"column\" data-e-type=\"column\">\n\t\t\t<div class=\"elementor-widget-wrap elementor-element-populated\">\n\t\t\t\t\t\t<div class=\"elementor-element elementor-element-ee5a151 elementor-widget elementor-widget-heading\" data-id=\"ee5a151\" data-element_type=\"widget\" data-e-type=\"widget\" data-widget_type=\"heading.default\">\n\t\t\t\t<div class=\"elementor-widget-container\">\n\t\t\t\t\t<h2 class=\"elementor-heading-title elementor-size-default\">Pan de primera calidad<\/h2>\t\t\t\t<\/div>\n\t\t\t\t<\/div>\n\t\t\t\t\t<\/div>\n\t\t<\/div>\n\t\t\t\t\t<\/div>\n\t\t<\/section>\n\t\t<div class=\"elementor-element elementor-element-d2080de e-flex e-con-boxed e-con e-parent\" data-id=\"d2080de\" data-element_type=\"container\" data-e-type=\"container\">\n\t\t\t\t\t<div class=\"e-con-inner\">\n\t\t\t\t<div class=\"elementor-element elementor-element-0c94481 elementor-position-top elementor-widget elementor-widget-image-box\" data-id=\"0c94481\" data-element_type=\"widget\" data-e-type=\"widget\" data-widget_type=\"image-box.default\">\n\t\t\t\t<div class=\"elementor-widget-container\">\n\t\t\t\t\t<div class=\"elementor-image-box-wrapper\"><figure class=\"elementor-image-box-img\"><img fetchpriority=\"high\" decoding=\"async\" width=\"1500\" height=\"1000\" src=\"https:\/\/pangordexola.com\/wp-content\/uploads\/2024\/12\/2147761339.jpg\" class=\"attachment-full size-full wp-image-1231\" alt=\"\" srcset=\"https:\/\/pangordexola.com\/wp-content\/uploads\/2024\/12\/2147761339.jpg 1500w, https:\/\/pangordexola.com\/wp-content\/uploads\/2024\/12\/2147761339-300x200.jpg 300w, https:\/\/pangordexola.com\/wp-content\/uploads\/2024\/12\/2147761339-1024x683.jpg 1024w, https:\/\/pangordexola.com\/wp-content\/uploads\/2024\/12\/2147761339-768x512.jpg 768w, https:\/\/pangordexola.com\/wp-content\/uploads\/2024\/12\/2147761339-18x12.jpg 18w\" sizes=\"(max-width: 1500px) 100vw, 1500px\" \/><\/figure><div class=\"elementor-image-box-content\"><h3 class=\"elementor-image-box-title\">Pan de Primera Calidad<\/h3><p class=\"elementor-image-box-description\">Nuestro pan es el coraz\u00f3n de Pan Gordexola y representa el trabajo dedicado de cada d\u00eda. Elaborado con los mejores ingredientes y siguiendo t\u00e9cnicas tradicionales, garantizamos:\n<br><br>\n- Frescura diaria: Cada barra, hogaza o pan especial es horneado cada ma\u00f1ana para llevar a tu mesa el m\u00e1ximo sabor.<br>\n- Variedad para todos los gustos: Desde las cl\u00e1sicas barras crujientes, ideales para acompa\u00f1ar cualquier comida, hasta panes especiales enriquecidos con semillas, cereales o ingredientes r\u00fasticos.<br>\n- Calidad artesanal: Nuestra prioridad es mantener el equilibrio perfecto entre textura, aroma y sabor, creando un pan que se disfruta en cada mordisco.<\/p><\/div><\/div>\t\t\t\t<\/div>\n\t\t\t\t<\/div>\n\t\t\t\t<div class=\"elementor-element elementor-element-ecb5b86 elementor-position-top elementor-widget elementor-widget-image-box\" data-id=\"ecb5b86\" data-element_type=\"widget\" data-e-type=\"widget\" data-widget_type=\"image-box.default\">\n\t\t\t\t<div class=\"elementor-widget-container\">\n\t\t\t\t\t<div class=\"elementor-image-box-wrapper\"><figure class=\"elementor-image-box-img\"><img decoding=\"async\" width=\"1500\" height=\"1000\" src=\"https:\/\/pangordexola.com\/wp-content\/uploads\/2024\/12\/2148930859.jpg\" class=\"attachment-full size-full wp-image-1232\" alt=\"\" srcset=\"https:\/\/pangordexola.com\/wp-content\/uploads\/2024\/12\/2148930859.jpg 1500w, https:\/\/pangordexola.com\/wp-content\/uploads\/2024\/12\/2148930859-300x200.jpg 300w, https:\/\/pangordexola.com\/wp-content\/uploads\/2024\/12\/2148930859-1024x683.jpg 1024w, https:\/\/pangordexola.com\/wp-content\/uploads\/2024\/12\/2148930859-768x512.jpg 768w, https:\/\/pangordexola.com\/wp-content\/uploads\/2024\/12\/2148930859-18x12.jpg 18w\" sizes=\"(max-width: 1500px) 100vw, 1500px\" \/><\/figure><div class=\"elementor-image-box-content\"><h3 class=\"elementor-image-box-title\">Bollos Irresistibles<\/h3><p class=\"elementor-image-box-description\">Nuestros bollos son la elecci\u00f3n perfecta para momentos dulces y \u00fanicos. Horneados con cuidado, ofrecemos:\n<br><br>\n- Textura inigualable: Suaves y esponjosos por dentro, con un toque dorado por fuera.<br>\n- Para toda ocasi\u00f3n: Desde un desayuno en familia hasta una merienda especial, son el acompa\u00f1amiento perfecto para tus bebidas favoritas.<br>\n- Sabor tradicional: Usamos recetas aut\u00e9nticas que evocan el calor de los hornos de anta\u00f1o.<\/p><\/div><\/div>\t\t\t\t<\/div>\n\t\t\t\t<\/div>\n\t\t\t\t<div class=\"elementor-element elementor-element-6634c10 elementor-position-top elementor-widget elementor-widget-image-box\" data-id=\"6634c10\" data-element_type=\"widget\" data-e-type=\"widget\" data-widget_type=\"image-box.default\">\n\t\t\t\t<div class=\"elementor-widget-container\">\n\t\t\t\t\t<div class=\"elementor-image-box-wrapper\"><figure class=\"elementor-image-box-img\"><img decoding=\"async\" width=\"1500\" height=\"1000\" src=\"https:\/\/pangordexola.com\/wp-content\/uploads\/2024\/12\/213466.jpg\" class=\"attachment-full size-full wp-image-1233\" alt=\"\" srcset=\"https:\/\/pangordexola.com\/wp-content\/uploads\/2024\/12\/213466.jpg 1500w, https:\/\/pangordexola.com\/wp-content\/uploads\/2024\/12\/213466-300x200.jpg 300w, https:\/\/pangordexola.com\/wp-content\/uploads\/2024\/12\/213466-1024x683.jpg 1024w, https:\/\/pangordexola.com\/wp-content\/uploads\/2024\/12\/213466-768x512.jpg 768w, https:\/\/pangordexola.com\/wp-content\/uploads\/2024\/12\/213466-18x12.jpg 18w\" sizes=\"(max-width: 1500px) 100vw, 1500px\" \/><\/figure><div class=\"elementor-image-box-content\"><h3 class=\"elementor-image-box-title\">Choripanes<\/h3><p class=\"elementor-image-box-description\">Si buscas una experiencia \u00fanica de sabor, nuestros choripanes son la opci\u00f3n ideal:\n<br><br>\n- Pan reci\u00e9n horneado: Dise\u00f1ado para resaltar el sabor del chorizo, con una textura firme pero tierna.<br>\n- Chorizo de primera calidad: Seleccionado cuidadosamente para asegurar un sabor aut\u00e9ntico y jugoso.<br>\n- Perfecto para cualquier ocasi\u00f3n: Desde una comida r\u00e1pida y deliciosa hasta un evento especial con amigos y familia, nuestros choripanes nunca fallan.<\/p><\/div><\/div>\t\t\t\t<\/div>\n\t\t\t\t<\/div>\n\t\t\t\t\t<\/div>\n\t\t\t\t<\/div>\n\t\t<div class=\"elementor-element elementor-element-916f7a0 e-flex e-con-boxed e-con e-parent\" data-id=\"916f7a0\" data-element_type=\"container\" data-e-type=\"container\">\n\t\t\t\t\t<div class=\"e-con-inner\">\n\t\t\t\t<div class=\"elementor-element elementor-element-75db837 elementor-widget elementor-widget-heading\" data-id=\"75db837\" data-element_type=\"widget\" data-e-type=\"widget\" data-widget_type=\"heading.default\">\n\t\t\t\t<div class=\"elementor-widget-container\">\n\t\t\t\t\t<h2 class=\"elementor-heading-title elementor-size-default\">Marcas y Proveedores\n\n<\/h2>\t\t\t\t<\/div>\n\t\t\t\t<\/div>\n\t\t\t\t\t<\/div>\n\t\t\t\t<\/div>\n\t\t<div class=\"elementor-element elementor-element-02b05ad e-grid e-con-boxed e-con e-parent\" data-id=\"02b05ad\" data-element_type=\"container\" data-e-type=\"container\">\n\t\t\t\t\t<div class=\"e-con-inner\">\n\t\t\t\t<div class=\"elementor-element elementor-element-86d4e7c elementor-widget elementor-widget-image\" data-id=\"86d4e7c\" data-element_type=\"widget\" data-e-type=\"widget\" data-widget_type=\"image.default\">\n\t\t\t\t<div class=\"elementor-widget-container\">\n\t\t\t\t\t\t\t\t\t\t\t\t\t\t\t<img loading=\"lazy\" decoding=\"async\" width=\"338\" height=\"168\" src=\"https:\/\/pangordexola.com\/wp-content\/uploads\/2024\/12\/Captura-desde-2024-12-09-10-24-19.png\" class=\"attachment-large size-large wp-image-1246\" alt=\"\" srcset=\"https:\/\/pangordexola.com\/wp-content\/uploads\/2024\/12\/Captura-desde-2024-12-09-10-24-19.png 338w, https:\/\/pangordexola.com\/wp-content\/uploads\/2024\/12\/Captura-desde-2024-12-09-10-24-19-300x149.png 300w, https:\/\/pangordexola.com\/wp-content\/uploads\/2024\/12\/Captura-desde-2024-12-09-10-24-19-18x9.png 18w\" sizes=\"(max-width: 338px) 100vw, 338px\" \/>\t\t\t\t\t\t\t\t\t\t\t\t\t\t\t<\/div>\n\t\t\t\t<\/div>\n\t\t\t\t<div class=\"elementor-element elementor-element-f247f33 elementor-widget elementor-widget-image\" data-id=\"f247f33\" data-element_type=\"widget\" data-e-type=\"widget\" data-widget_type=\"image.default\">\n\t\t\t\t<div class=\"elementor-widget-container\">\n\t\t\t\t\t\t\t\t\t\t\t\t\t\t\t<img loading=\"lazy\" decoding=\"async\" width=\"338\" height=\"168\" src=\"https:\/\/pangordexola.com\/wp-content\/uploads\/2024\/12\/Captura-desde-2024-12-09-10-24-26.png\" class=\"attachment-large size-large wp-image-1247\" alt=\"\" srcset=\"https:\/\/pangordexola.com\/wp-content\/uploads\/2024\/12\/Captura-desde-2024-12-09-10-24-26.png 338w, https:\/\/pangordexola.com\/wp-content\/uploads\/2024\/12\/Captura-desde-2024-12-09-10-24-26-300x149.png 300w, https:\/\/pangordexola.com\/wp-content\/uploads\/2024\/12\/Captura-desde-2024-12-09-10-24-26-18x9.png 18w\" sizes=\"(max-width: 338px) 100vw, 338px\" \/>\t\t\t\t\t\t\t\t\t\t\t\t\t\t\t<\/div>\n\t\t\t\t<\/div>\n\t\t\t\t<div class=\"elementor-element elementor-element-6f39486 elementor-widget elementor-widget-image\" data-id=\"6f39486\" data-element_type=\"widget\" data-e-type=\"widget\" data-widget_type=\"image.default\">\n\t\t\t\t<div class=\"elementor-widget-container\">\n\t\t\t\t\t\t\t\t\t\t\t\t\t\t\t<img loading=\"lazy\" decoding=\"async\" width=\"338\" height=\"168\" src=\"https:\/\/pangordexola.com\/wp-content\/uploads\/2024\/12\/Captura-desde-2024-12-09-10-24-32.png\" class=\"attachment-large size-large wp-image-1248\" alt=\"\" srcset=\"https:\/\/pangordexola.com\/wp-content\/uploads\/2024\/12\/Captura-desde-2024-12-09-10-24-32.png 338w, https:\/\/pangordexola.com\/wp-content\/uploads\/2024\/12\/Captura-desde-2024-12-09-10-24-32-300x149.png 300w, https:\/\/pangordexola.com\/wp-content\/uploads\/2024\/12\/Captura-desde-2024-12-09-10-24-32-18x9.png 18w\" sizes=\"(max-width: 338px) 100vw, 338px\" \/>\t\t\t\t\t\t\t\t\t\t\t\t\t\t\t<\/div>\n\t\t\t\t<\/div>\n\t\t\t\t<div class=\"elementor-element elementor-element-e01ade7 elementor-widget elementor-widget-image\" data-id=\"e01ade7\" data-element_type=\"widget\" data-e-type=\"widget\" data-widget_type=\"image.default\">\n\t\t\t\t<div class=\"elementor-widget-container\">\n\t\t\t\t\t\t\t\t\t\t\t\t\t\t\t<img loading=\"lazy\" decoding=\"async\" width=\"338\" height=\"168\" src=\"https:\/\/pangordexola.com\/wp-content\/uploads\/2024\/12\/Captura-desde-2024-12-09-10-24-39.png\" class=\"attachment-large size-large wp-image-1249\" alt=\"\" srcset=\"https:\/\/pangordexola.com\/wp-content\/uploads\/2024\/12\/Captura-desde-2024-12-09-10-24-39.png 338w, https:\/\/pangordexola.com\/wp-content\/uploads\/2024\/12\/Captura-desde-2024-12-09-10-24-39-300x149.png 300w, https:\/\/pangordexola.com\/wp-content\/uploads\/2024\/12\/Captura-desde-2024-12-09-10-24-39-18x9.png 18w\" sizes=\"(max-width: 338px) 100vw, 338px\" \/>\t\t\t\t\t\t\t\t\t\t\t\t\t\t\t<\/div>\n\t\t\t\t<\/div>\n\t\t\t\t<div class=\"elementor-element elementor-element-38e48ac elementor-widget elementor-widget-image\" data-id=\"38e48ac\" data-element_type=\"widget\" data-e-type=\"widget\" data-widget_type=\"image.default\">\n\t\t\t\t<div class=\"elementor-widget-container\">\n\t\t\t\t\t\t\t\t\t\t\t\t\t\t\t<img loading=\"lazy\" decoding=\"async\" width=\"338\" height=\"168\" src=\"https:\/\/pangordexola.com\/wp-content\/uploads\/2024\/12\/Captura-desde-2024-12-09-10-24-51.png\" class=\"attachment-large size-large wp-image-1250\" alt=\"\" srcset=\"https:\/\/pangordexola.com\/wp-content\/uploads\/2024\/12\/Captura-desde-2024-12-09-10-24-51.png 338w, https:\/\/pangordexola.com\/wp-content\/uploads\/2024\/12\/Captura-desde-2024-12-09-10-24-51-300x149.png 300w, https:\/\/pangordexola.com\/wp-content\/uploads\/2024\/12\/Captura-desde-2024-12-09-10-24-51-18x9.png 18w\" sizes=\"(max-width: 338px) 100vw, 338px\" \/>\t\t\t\t\t\t\t\t\t\t\t\t\t\t\t<\/div>\n\t\t\t\t<\/div>\n\t\t\t\t<div class=\"elementor-element elementor-element-5d56e19 elementor-widget elementor-widget-image\" data-id=\"5d56e19\" data-element_type=\"widget\" data-e-type=\"widget\" data-widget_type=\"image.default\">\n\t\t\t\t<div class=\"elementor-widget-container\">\n\t\t\t\t\t\t\t\t\t\t\t\t\t\t\t<img loading=\"lazy\" decoding=\"async\" width=\"338\" height=\"168\" src=\"https:\/\/pangordexola.com\/wp-content\/uploads\/2024\/12\/Captura-desde-2024-12-09-10-24-59.png\" class=\"attachment-large size-large wp-image-1251\" alt=\"\" srcset=\"https:\/\/pangordexola.com\/wp-content\/uploads\/2024\/12\/Captura-desde-2024-12-09-10-24-59.png 338w, https:\/\/pangordexola.com\/wp-content\/uploads\/2024\/12\/Captura-desde-2024-12-09-10-24-59-300x149.png 300w, https:\/\/pangordexola.com\/wp-content\/uploads\/2024\/12\/Captura-desde-2024-12-09-10-24-59-18x9.png 18w\" sizes=\"(max-width: 338px) 100vw, 338px\" \/>\t\t\t\t\t\t\t\t\t\t\t\t\t\t\t<\/div>\n\t\t\t\t<\/div>\n\t\t\t\t<div class=\"elementor-element elementor-element-c503ed1 elementor-widget elementor-widget-image\" data-id=\"c503ed1\" data-element_type=\"widget\" data-e-type=\"widget\" data-widget_type=\"image.default\">\n\t\t\t\t<div class=\"elementor-widget-container\">\n\t\t\t\t\t\t\t\t\t\t\t\t\t\t\t<img loading=\"lazy\" decoding=\"async\" width=\"180\" height=\"193\" src=\"https:\/\/pangordexola.com\/wp-content\/uploads\/2024\/12\/Captura-desde-2024-12-09-10-25-18.png\" class=\"attachment-large size-large wp-image-1252\" alt=\"\" srcset=\"https:\/\/pangordexola.com\/wp-content\/uploads\/2024\/12\/Captura-desde-2024-12-09-10-25-18.png 180w, https:\/\/pangordexola.com\/wp-content\/uploads\/2024\/12\/Captura-desde-2024-12-09-10-25-18-11x12.png 11w\" sizes=\"(max-width: 180px) 100vw, 180px\" \/>\t\t\t\t\t\t\t\t\t\t\t\t\t\t\t<\/div>\n\t\t\t\t<\/div>\n\t\t\t\t<div class=\"elementor-element elementor-element-7571ef9 elementor-widget elementor-widget-text-editor\" data-id=\"7571ef9\" data-element_type=\"widget\" data-e-type=\"widget\" data-widget_type=\"text-editor.default\">\n\t\t\t\t<div class=\"elementor-widget-container\">\n\t\t\t\t\t\t\t\t\t<p>Cada uno de nuestros productos es una muestra de la pasi\u00f3n por la panader\u00eda y el compromiso con la satisfacci\u00f3n de nuestros clientes. \u00a1Desc\u00fabrelos en <strong>GORDEXOLA OGIra<\/strong> y lleva a tu mesa lo mejor de Zubiete!<\/p>\t\t\t\t\t\t\t\t<\/div>\n\t\t\t\t<\/div>\n\t\t\t\t\t<\/div>\n\t\t\t\t<\/div>\n\t\t<div class=\"elementor-element elementor-element-deaceb6 e-flex e-con-boxed e-con e-parent\" data-id=\"deaceb6\" data-element_type=\"container\" data-e-type=\"container\">\n\t\t\t\t\t<div class=\"e-con-inner\">\n\t\t\t\t<div class=\"elementor-element elementor-element-b92ac3c elementor-cta--skin-cover elementor-animated-content elementor-bg-transform elementor-bg-transform-zoom-in elementor-widget elementor-widget-call-to-action\" data-id=\"b92ac3c\" data-element_type=\"widget\" data-e-type=\"widget\" data-widget_type=\"call-to-action.default\">\n\t\t\t\t<div class=\"elementor-widget-container\">\n\t\t\t\t\t\t\t<div class=\"elementor-cta\">\n\t\t\t\t\t<div class=\"elementor-cta__bg-wrapper\">\n\t\t\t\t<div class=\"elementor-cta__bg elementor-bg\" style=\"background-image: url(https:\/\/pangordexola.com\/wp-content\/uploads\/2024\/10\/2150379532-1024x683.jpg);\" role=\"img\" aria-label=\"2150379532\"><\/div>\n\t\t\t\t<div class=\"elementor-cta__bg-overlay\"><\/div>\n\t\t\t<\/div>\n\t\t\t\t\t\t\t<div class=\"elementor-cta__content\">\n\t\t\t\t\n\t\t\t\t\t\t\t\t\t<h2 class=\"elementor-cta__title elementor-cta__content-item elementor-content-item elementor-animated-item--grow\">\n\t\t\t\t\t\t\u00a1Gracias por elegir Pan Gordexola!\t\t\t\t\t<\/h2>\n\t\t\t\t\n\t\t\t\t\n\t\t\t\t\t\t\t\t\t<div class=\"elementor-cta__button-wrapper elementor-cta__content-item elementor-content-item elementor-animated-item--grow\">\n\t\t\t\t\t<a class=\"elementor-cta__button elementor-button elementor-size-\" href=\"https:\/\/pangordexola.com\/eu\/contacto\/\">\n\t\t\t\t\t\tJarri gurekin harremanetan\t\t\t\t\t<\/a>\n\t\t\t\t\t<\/div>\n\t\t\t\t\t\t\t<\/div>\n\t\t\t\t\t\t<\/div>\n\t\t\t\t\t\t<\/div>\n\t\t\t\t<\/div>\n\t\t\t\t\t<\/div>\n\t\t\t\t<\/div>\n\t\t\t\t<\/div>","protected":false},"excerpt":{"rendered":"<p>Pan de primera calidad Pan de Primera Calidad Nuestro pan es el coraz\u00f3n de Pan Gordexola y representa el trabajo dedicado de cada d\u00eda. Elaborado con los mejores ingredientes y siguiendo t\u00e9cnicas tradicionales, garantizamos: &#8211; Frescura diaria: Cada barra, hogaza o pan especial es horneado cada ma\u00f1ana para llevar a tu mesa el m\u00e1ximo sabor. [&hellip;]<\/p>\n","protected":false},"author":2,"featured_media":0,"parent":0,"menu_order":0,"comment_status":"closed","ping_status":"closed","template":"elementor_canvas","meta":{"footnotes":""},"class_list":["post-13","page","type-page","status-publish","hentry"],"yoast_head":"<!-- This site is optimized with the Yoast SEO plugin v27.3 - https:\/\/yoast.com\/product\/yoast-seo-wordpress\/ -->\n<title>Productos - Pan Gordexola<\/title>\n<meta name=\"robots\" content=\"index, follow, max-snippet:-1, max-image-preview:large, max-video-preview:-1\" \/>\n<link rel=\"canonical\" href=\"https:\/\/pangordexola.com\/eu\/productos\/\" \/>\n<meta property=\"og:locale\" content=\"en_US\" \/>\n<meta property=\"og:type\" content=\"article\" \/>\n<meta property=\"og:title\" content=\"Productos - Pan Gordexola\" \/>\n<meta property=\"og:description\" content=\"Pan de primera calidad Pan de Primera Calidad Nuestro pan es el coraz\u00f3n de Pan Gordexola y representa el trabajo dedicado de cada d\u00eda. Elaborado con los mejores ingredientes y siguiendo t\u00e9cnicas tradicionales, garantizamos: &#8211; Frescura diaria: Cada barra, hogaza o pan especial es horneado cada ma\u00f1ana para llevar a tu mesa el m\u00e1ximo sabor. [&hellip;]\" \/>\n<meta property=\"og:url\" content=\"https:\/\/pangordexola.com\/eu\/productos\/\" \/>\n<meta property=\"og:site_name\" content=\"Pan Gordexola\" \/>\n<meta property=\"article:modified_time\" content=\"2024-12-09T09:44:21+00:00\" \/>\n<meta property=\"og:image\" content=\"https:\/\/pangordexola.com\/wp-content\/uploads\/2024\/12\/2147761339-1024x683.jpg\" \/>\n\t<meta property=\"og:image:width\" content=\"1024\" \/>\n\t<meta property=\"og:image:height\" content=\"683\" \/>\n\t<meta property=\"og:image:type\" content=\"image\/jpeg\" \/>\n<meta name=\"twitter:card\" content=\"summary_large_image\" \/>\n<meta name=\"twitter:label1\" content=\"Est. reading time\" \/>\n\t<meta name=\"twitter:data1\" content=\"4 minutua\" \/>\n<script type=\"application\/ld+json\" class=\"yoast-schema-graph\">{\"@context\":\"https:\\\/\\\/schema.org\",\"@graph\":[{\"@type\":\"WebPage\",\"@id\":\"https:\\\/\\\/pangordexola.com\\\/productos\\\/\",\"url\":\"https:\\\/\\\/pangordexola.com\\\/productos\\\/\",\"name\":\"Productos - Pan Gordexola\",\"isPartOf\":{\"@id\":\"https:\\\/\\\/pangordexola.com\\\/#website\"},\"primaryImageOfPage\":{\"@id\":\"https:\\\/\\\/pangordexola.com\\\/productos\\\/#primaryimage\"},\"image\":{\"@id\":\"https:\\\/\\\/pangordexola.com\\\/productos\\\/#primaryimage\"},\"thumbnailUrl\":\"https:\\\/\\\/pangordexola.com\\\/wp-content\\\/uploads\\\/2024\\\/12\\\/2147761339.jpg\",\"datePublished\":\"2024-10-07T10:12:24+00:00\",\"dateModified\":\"2024-12-09T09:44:21+00:00\",\"breadcrumb\":{\"@id\":\"https:\\\/\\\/pangordexola.com\\\/productos\\\/#breadcrumb\"},\"inLanguage\":\"eu\",\"potentialAction\":[{\"@type\":\"ReadAction\",\"target\":[\"https:\\\/\\\/pangordexola.com\\\/productos\\\/\"]}]},{\"@type\":\"ImageObject\",\"inLanguage\":\"eu\",\"@id\":\"https:\\\/\\\/pangordexola.com\\\/productos\\\/#primaryimage\",\"url\":\"https:\\\/\\\/pangordexola.com\\\/wp-content\\\/uploads\\\/2024\\\/12\\\/2147761339.jpg\",\"contentUrl\":\"https:\\\/\\\/pangordexola.com\\\/wp-content\\\/uploads\\\/2024\\\/12\\\/2147761339.jpg\"},{\"@type\":\"BreadcrumbList\",\"@id\":\"https:\\\/\\\/pangordexola.com\\\/productos\\\/#breadcrumb\",\"itemListElement\":[{\"@type\":\"ListItem\",\"position\":1,\"name\":\"Portada\",\"item\":\"https:\\\/\\\/pangordexola.com\\\/\"},{\"@type\":\"ListItem\",\"position\":2,\"name\":\"Productos\"}]},{\"@type\":\"WebSite\",\"@id\":\"https:\\\/\\\/pangordexola.com\\\/#website\",\"url\":\"https:\\\/\\\/pangordexola.com\\\/\",\"name\":\"Pan Gordexola\",\"description\":\"INDUSTRIA DEL PAN Y DE LA BOLLER\u00cdA\",\"publisher\":{\"@id\":\"https:\\\/\\\/pangordexola.com\\\/#organization\"},\"potentialAction\":[{\"@type\":\"SearchAction\",\"target\":{\"@type\":\"EntryPoint\",\"urlTemplate\":\"https:\\\/\\\/pangordexola.com\\\/?s={search_term_string}\"},\"query-input\":{\"@type\":\"PropertyValueSpecification\",\"valueRequired\":true,\"valueName\":\"search_term_string\"}}],\"inLanguage\":\"eu\"},{\"@type\":\"Organization\",\"@id\":\"https:\\\/\\\/pangordexola.com\\\/#organization\",\"name\":\"Pan Gordexola\",\"url\":\"https:\\\/\\\/pangordexola.com\\\/\",\"logo\":{\"@type\":\"ImageObject\",\"inLanguage\":\"eu\",\"@id\":\"https:\\\/\\\/pangordexola.com\\\/#\\\/schema\\\/logo\\\/image\\\/\",\"url\":\"https:\\\/\\\/pangordexola.com\\\/wp-content\\\/uploads\\\/2024\\\/12\\\/cropped-Design-sem-nome-1.png\",\"contentUrl\":\"https:\\\/\\\/pangordexola.com\\\/wp-content\\\/uploads\\\/2024\\\/12\\\/cropped-Design-sem-nome-1.png\",\"width\":500,\"height\":430,\"caption\":\"Pan Gordexola\"},\"image\":{\"@id\":\"https:\\\/\\\/pangordexola.com\\\/#\\\/schema\\\/logo\\\/image\\\/\"}}]}<\/script>\n<!-- \/ Yoast SEO plugin. -->","yoast_head_json":{"title":"Productos - Pan Gordexola","robots":{"index":"index","follow":"follow","max-snippet":"max-snippet:-1","max-image-preview":"max-image-preview:large","max-video-preview":"max-video-preview:-1"},"canonical":"https:\/\/pangordexola.com\/eu\/productos\/","og_locale":"en_US","og_type":"article","og_title":"Productos - Pan Gordexola","og_description":"Pan de primera calidad Pan de Primera Calidad Nuestro pan es el coraz\u00f3n de Pan Gordexola y representa el trabajo dedicado de cada d\u00eda. Elaborado con los mejores ingredientes y siguiendo t\u00e9cnicas tradicionales, garantizamos: &#8211; Frescura diaria: Cada barra, hogaza o pan especial es horneado cada ma\u00f1ana para llevar a tu mesa el m\u00e1ximo sabor. [&hellip;]","og_url":"https:\/\/pangordexola.com\/eu\/productos\/","og_site_name":"Pan Gordexola","article_modified_time":"2024-12-09T09:44:21+00:00","og_image":[{"width":1024,"height":683,"url":"https:\/\/pangordexola.com\/wp-content\/uploads\/2024\/12\/2147761339-1024x683.jpg","type":"image\/jpeg"}],"twitter_card":"summary_large_image","twitter_misc":{"Est. reading time":"4 minutua"},"schema":{"@context":"https:\/\/schema.org","@graph":[{"@type":"WebPage","@id":"https:\/\/pangordexola.com\/productos\/","url":"https:\/\/pangordexola.com\/productos\/","name":"Productos - Pan Gordexola","isPartOf":{"@id":"https:\/\/pangordexola.com\/#website"},"primaryImageOfPage":{"@id":"https:\/\/pangordexola.com\/productos\/#primaryimage"},"image":{"@id":"https:\/\/pangordexola.com\/productos\/#primaryimage"},"thumbnailUrl":"https:\/\/pangordexola.com\/wp-content\/uploads\/2024\/12\/2147761339.jpg","datePublished":"2024-10-07T10:12:24+00:00","dateModified":"2024-12-09T09:44:21+00:00","breadcrumb":{"@id":"https:\/\/pangordexola.com\/productos\/#breadcrumb"},"inLanguage":"eu","potentialAction":[{"@type":"ReadAction","target":["https:\/\/pangordexola.com\/productos\/"]}]},{"@type":"ImageObject","inLanguage":"eu","@id":"https:\/\/pangordexola.com\/productos\/#primaryimage","url":"https:\/\/pangordexola.com\/wp-content\/uploads\/2024\/12\/2147761339.jpg","contentUrl":"https:\/\/pangordexola.com\/wp-content\/uploads\/2024\/12\/2147761339.jpg"},{"@type":"BreadcrumbList","@id":"https:\/\/pangordexola.com\/productos\/#breadcrumb","itemListElement":[{"@type":"ListItem","position":1,"name":"Portada","item":"https:\/\/pangordexola.com\/"},{"@type":"ListItem","position":2,"name":"Productos"}]},{"@type":"WebSite","@id":"https:\/\/pangordexola.com\/#website","url":"https:\/\/pangordexola.com\/","name":"GORDEXOLA OGIra","description":"INDUSTRIA DEL PAN Y DE LA BOLLER\u00cdA","publisher":{"@id":"https:\/\/pangordexola.com\/#organization"},"potentialAction":[{"@type":"SearchAction","target":{"@type":"EntryPoint","urlTemplate":"https:\/\/pangordexola.com\/?s={search_term_string}"},"query-input":{"@type":"PropertyValueSpecification","valueRequired":true,"valueName":"search_term_string"}}],"inLanguage":"eu"},{"@type":"Organization","@id":"https:\/\/pangordexola.com\/#organization","name":"GORDEXOLA OGIra","url":"https:\/\/pangordexola.com\/","logo":{"@type":"ImageObject","inLanguage":"eu","@id":"https:\/\/pangordexola.com\/#\/schema\/logo\/image\/","url":"https:\/\/pangordexola.com\/wp-content\/uploads\/2024\/12\/cropped-Design-sem-nome-1.png","contentUrl":"https:\/\/pangordexola.com\/wp-content\/uploads\/2024\/12\/cropped-Design-sem-nome-1.png","width":500,"height":430,"caption":"Pan Gordexola"},"image":{"@id":"https:\/\/pangordexola.com\/#\/schema\/logo\/image\/"}}]}},"_links":{"self":[{"href":"https:\/\/pangordexola.com\/eu\/wp-json\/wp\/v2\/pages\/13","targetHints":{"allow":["GET"]}}],"collection":[{"href":"https:\/\/pangordexola.com\/eu\/wp-json\/wp\/v2\/pages"}],"about":[{"href":"https:\/\/pangordexola.com\/eu\/wp-json\/wp\/v2\/types\/page"}],"author":[{"embeddable":true,"href":"https:\/\/pangordexola.com\/eu\/wp-json\/wp\/v2\/users\/2"}],"replies":[{"embeddable":true,"href":"https:\/\/pangordexola.com\/eu\/wp-json\/wp\/v2\/comments?post=13"}],"version-history":[{"count":442,"href":"https:\/\/pangordexola.com\/eu\/wp-json\/wp\/v2\/pages\/13\/revisions"}],"predecessor-version":[{"id":1277,"href":"https:\/\/pangordexola.com\/eu\/wp-json\/wp\/v2\/pages\/13\/revisions\/1277"}],"wp:attachment":[{"href":"https:\/\/pangordexola.com\/eu\/wp-json\/wp\/v2\/media?parent=13"}],"curies":[{"name":"wp","href":"https:\/\/api.w.org\/{rel}","templated":true}]}}